{"id":6705,"date":"2023-06-07T15:15:46","date_gmt":"2023-06-07T19:15:46","guid":{"rendered":"https:\/\/spharm-inc.com\/?page_id=6705"},"modified":"2025-12-18T12:20:03","modified_gmt":"2025-12-18T17:20:03","slug":"politique-de-protection","status":"publish","type":"page","link":"https:\/\/spharm-inc.com\/fr\/politique-de-protection\/","title":{"rendered":"Politique de protection"},"content":{"rendered":"\t\t<div data-elementor-type=\"wp-page\" data-elementor-id=\"6705\" class=\"elementor elementor-6705\" data-elementor-post-type=\"page\">\n\t\t\t\t\t\t<section class=\"elementor-section elementor-top-section elementor-element elementor-element-f6aeccd elementor-section-height-min-height elementor-section-content-middle elementor-section-stretched elementor-section-boxed elementor-section-height-default elementor-section-items-middle\" data-id=\"f6aeccd\" data-element_type=\"section\" data-settings=\"{&quot;jet_parallax_layout_list&quot;:[{&quot;jet_parallax_layout_image&quot;:{&quot;url&quot;:&quot;&quot;,&quot;id&quot;:&quot;&quot;,&quot;size&quot;:&quot;&quot;},&quot;_id&quot;:&quot;0b53465&quot;,&quot;jet_parallax_layout_image_tablet&quot;:{&quot;url&quot;:&quot;&quot;,&quot;id&quot;:&quot;&quot;,&quot;size&quot;:&quot;&quot;},&quot;jet_parallax_layout_image_mobile&quot;:{&quot;url&quot;:&quot;&quot;,&quot;id&quot;:&quot;&quot;,&quot;size&quot;:&quot;&quot;},&quot;jet_parallax_layout_speed&quot;:{&quot;unit&quot;:&quot;%&quot;,&quot;size&quot;:50,&quot;sizes&quot;:[]},&quot;jet_parallax_layout_type&quot;:&quot;scroll&quot;,&quot;jet_parallax_layout_direction&quot;:null,&quot;jet_parallax_layout_fx_direction&quot;:null,&quot;jet_parallax_layout_z_index&quot;:&quot;&quot;,&quot;jet_parallax_layout_bg_x&quot;:50,&quot;jet_parallax_layout_bg_x_tablet&quot;:&quot;&quot;,&quot;jet_parallax_layout_bg_x_mobile&quot;:&quot;&quot;,&quot;jet_parallax_layout_bg_y&quot;:50,&quot;jet_parallax_layout_bg_y_tablet&quot;:&quot;&quot;,&quot;jet_parallax_layout_bg_y_mobile&quot;:&quot;&quot;,&quot;jet_parallax_layout_bg_size&quot;:&quot;auto&quot;,&quot;jet_parallax_layout_bg_size_tablet&quot;:&quot;&quot;,&quot;jet_parallax_layout_bg_size_mobile&quot;:&quot;&quot;,&quot;jet_parallax_layout_animation_prop&quot;:&quot;transform&quot;,&quot;jet_parallax_layout_on&quot;:[&quot;desktop&quot;,&quot;tablet&quot;]}],&quot;background_background&quot;:&quot;classic&quot;,&quot;stretch_section&quot;:&quot;section-stretched&quot;}\">\n\t\t\t\t\t\t<div class=\"elementor-container elementor-column-gap-no\">\n\t\t\t\t\t<div class=\"elementor-column elementor-col-50 elementor-top-column elementor-element elementor-element-adc99df\" data-id=\"adc99df\" data-element_type=\"column\">\n\t\t\t<div class=\"elementor-widget-wrap elementor-element-populated\">\n\t\t\t\t\t\t<div class=\"elementor-element elementor-element-2fdb0ae elementor-widget elementor-widget-text-editor\" data-id=\"2fdb0ae\" data-element_type=\"widget\" data-widget_type=\"text-editor.default\">\n\t\t\t\t<div class=\"elementor-widget-container\">\n\t\t\t\t\t\t\t\t\t<p>Politique de protection<\/p>\t\t\t\t\t\t\t\t<\/div>\n\t\t\t\t<\/div>\n\t\t\t\t\t<\/div>\n\t\t<\/div>\n\t\t\t\t<div class=\"elementor-column elementor-col-50 elementor-top-column elementor-element elementor-element-2470354\" data-id=\"2470354\" data-element_type=\"column\">\n\t\t\t<div class=\"elementor-widget-wrap elementor-element-populated\">\n\t\t\t\t\t\t<div class=\"elementor-element elementor-element-c27d779 elementor-widget elementor-widget-image\" data-id=\"c27d779\" data-element_type=\"widget\" data-widget_type=\"image.default\">\n\t\t\t\t<div class=\"elementor-widget-container\">\n\t\t\t\t\t\t\t\t\t\t\t\t\t\t\t<img fetchpriority=\"high\" decoding=\"async\" width=\"503\" height=\"205\" src=\"https:\/\/spharm-inc.com\/wp-content\/uploads\/molecules.png\" class=\"attachment-medium_large size-medium_large wp-image-6707\" alt=\"\" srcset=\"https:\/\/spharm-inc.com\/wp-content\/uploads\/molecules.png 503w, https:\/\/spharm-inc.com\/wp-content\/uploads\/molecules-300x122.png 300w, https:\/\/spharm-inc.com\/wp-content\/uploads\/molecules-100x41.png 100w\" sizes=\"(max-width: 503px) 100vw, 503px\" \/>\t\t\t\t\t\t\t\t\t\t\t\t\t\t\t<\/div>\n\t\t\t\t<\/div>\n\t\t\t\t\t<\/div>\n\t\t<\/div>\n\t\t\t\t\t<\/div>\n\t\t<\/section>\n\t\t\t\t<section class=\"elementor-section elementor-top-section elementor-element elementor-element-ced1e85 elementor-section-boxed elementor-section-height-default elementor-section-height-default\" data-id=\"ced1e85\" data-element_type=\"section\" data-settings=\"{&quot;jet_parallax_layout_list&quot;:[]}\">\n\t\t\t\t\t\t<div class=\"elementor-container elementor-column-gap-default\">\n\t\t\t\t\t<div class=\"elementor-column elementor-col-100 elementor-top-column elementor-element elementor-element-32b7689\" data-id=\"32b7689\" data-element_type=\"column\">\n\t\t\t<div class=\"elementor-widget-wrap elementor-element-populated\">\n\t\t\t\t\t\t<div class=\"elementor-element elementor-element-a1bf02d elementor-widget elementor-widget-spacer\" data-id=\"a1bf02d\" data-element_type=\"widget\" data-widget_type=\"spacer.default\">\n\t\t\t\t<div class=\"elementor-widget-container\">\n\t\t\t\t\t\t\t<div class=\"elementor-spacer\">\n\t\t\t<div class=\"elementor-spacer-inner\"><\/div>\n\t\t<\/div>\n\t\t\t\t\t\t<\/div>\n\t\t\t\t<\/div>\n\t\t\t\t\t<\/div>\n\t\t<\/div>\n\t\t\t\t\t<\/div>\n\t\t<\/section>\n\t\t\t\t<section class=\"elementor-section elementor-top-section elementor-element elementor-element-d3004fb elementor-section-boxed elementor-section-height-default elementor-section-height-default\" data-id=\"d3004fb\" data-element_type=\"section\" data-settings=\"{&quot;jet_parallax_layout_list&quot;:[]}\">\n\t\t\t\t\t\t<div class=\"elementor-container elementor-column-gap-default\">\n\t\t\t\t\t<div class=\"elementor-column elementor-col-100 elementor-top-column elementor-element elementor-element-290a88b\" data-id=\"290a88b\" data-element_type=\"column\">\n\t\t\t<div class=\"elementor-widget-wrap\">\n\t\t\t\t\t\t\t<\/div>\n\t\t<\/div>\n\t\t\t\t\t<\/div>\n\t\t<\/section>\n\t\t\t\t<section class=\"elementor-section elementor-top-section elementor-element elementor-element-6f82eb1 elementor-section-boxed elementor-section-height-default elementor-section-height-default\" data-id=\"6f82eb1\" data-element_type=\"section\" data-settings=\"{&quot;jet_parallax_layout_list&quot;:[]}\">\n\t\t\t\t\t\t<div class=\"elementor-container elementor-column-gap-default\">\n\t\t\t\t\t<div class=\"elementor-column elementor-col-100 elementor-top-column elementor-element elementor-element-b07b235\" data-id=\"b07b235\" data-element_type=\"column\">\n\t\t\t<div class=\"elementor-widget-wrap elementor-element-populated\">\n\t\t\t\t\t\t<div class=\"elementor-element elementor-element-02969bb elementor-widget__width-initial elementor-widget elementor-widget-text-editor\" data-id=\"02969bb\" data-element_type=\"widget\" data-widget_type=\"text-editor.default\">\n\t\t\t\t<div class=\"elementor-widget-container\">\n\t\t\t\t\t\t\t\t\t<h1><strong>Politique de protection des renseignements personnels<\/strong><\/h1>\n<p>La pr\u00e9sente Politique de protection des renseignements personnels d\u00e9crit comment SPharm utilise et partage vos renseignements personnels lorsque vous utilisez notre plateforme web \/ site web par le biais de votre ordinateur ou de votre t\u00e9l\u00e9phone intelligent et, nos pages de m\u00e9dia sociaux reli\u00e9es, tous en lien avec la pr\u00e9sente Politique.<\/p>\n<h2>&nbsp;<\/h2>\n<h2><strong>Quel renseignement personnel recueillons-nous?<\/strong><\/h2>\n<ul>\n<li>Si vous vous abonnez \u00e0 un ou l\u2019autre de nos bulletins d\u2019information, livres blancs, guides, webinaires, colloques ou contenus en ligne, nous allons vous demander vos renseignements personnels de base (pr\u00e9nom, nom et courriel). Nous utiliserons ces informations pour vous r\u00e9pondre. Nous n\u2019allons pas partager ces renseignements avec des tiers \u00e0 l\u2019ext\u00e9rieur de notre organisation, autre qu\u2019au besoin pour r\u00e9pondre \u00e0 vos demandes exprim\u00e9es de fa\u00e7on explicite.<\/li>\n<li>Nous pourrions communiquer avec vous ult\u00e9rieurement par courriel, pour vous partager de l\u2019information concernant nos services ou pour vous informer des mises \u00e0 jours de nos politiques. Dans tous les cas, vous serez en mesure de vous d\u00e9sabonner des courriels re\u00e7us en provenance de notre organisation.<\/li>\n<li>Nous sommes les seuls propri\u00e9taires des renseignements recueillis sur ce site. Nous n\u2019aurons acc\u00e8s \u00e0 vos renseignements recueillis, que si vous choisissez de nous les partager soit par courriel, par t\u00e9l\u00e9phone, ou autre contact direct de votre part. Nous ne vendrons ni ne louerons aucun de ces renseignements recueillis \u00e0 qui que ce soit.<\/li>\n<li>Ce site est con\u00e7u intentionnellement pour des visiteurs de 14 ans et plus. Nous ne collectons, ni conservons de fa\u00e7on volontaire, de l\u2019information sur les utilisateurs de 13 ans ou moins.<\/li>\n<\/ul>\n<h2>&nbsp;<\/h2>\n<h2><strong>Comment utilisons-nous les t\u00e9moins de tra\u00e7age?<\/strong><\/h2>\n<ul>\n<li>Nous utilisons des t\u00e9moins de tra\u00e7age ou autre technologie de tra\u00e7age similaire pour aider \u00e0 analyser et am\u00e9liorer l\u2019exp\u00e9rience de l\u2019utilisateur sur notre site web.<\/li>\n<li>Si vous le souhaitez, vous avez l\u2019option de d\u00e9sactiver la technologie de tra\u00e7age de tout site web que vous visitez. Les param\u00e8tres d\u2019outils de tra\u00e7age se trouvent dans les param\u00e8tres de votre navigateur web.<\/li>\n<li>Les t\u00e9moins de tra\u00e7age ne traquent pas les renseignements personnels vous concernant.&nbsp; Ces outils traquent essentiellement votre localisation, vos tendances de navigation sur le web et autres informations g\u00e9n\u00e9riques.<\/li>\n<li>Les t\u00e9moins de tra\u00e7age de tierces parties sont anonymes et fournis par des entreprises de technologies tel que Google pour g\u00e9n\u00e9rer des indicateurs clefs de trafic web, tel que les visites de sites et de pages web, afin de nous aider \u00e0 am\u00e9liorer le fonctionnement de notre site web.<\/li>\n<\/ul>\n<h2>&nbsp;<\/h2>\n<h2><strong>Comment prot\u00e9geons-nous vos renseignements<\/strong><strong>?<\/strong><\/h2>\n<ul>\n<li>Vos renseignements personnels sont conserv\u00e9s dans un environnement contr\u00f4l\u00e9, s\u00e9curis\u00e9 et prot\u00e9g\u00e9 d\u2019acc\u00e8s, d\u2019utilisation et de partage non-autoris\u00e9s.<\/li>\n<li>Seulement les personnes qui ont un r\u00f4le avec un besoin de connaitre ces renseignements auront acc\u00e8s \u00e0 vos renseignements.<\/li>\n<li>Quand vous soumettez vos renseignements par le biais de notre site web, vos renseignements sont prot\u00e9g\u00e9s en ligne de m\u00eame que hors ligne.<\/li>\n<\/ul>\n<h2>&nbsp;<\/h2>\n<h2><strong>Comment communiquer avec nous?<\/strong><\/h2>\n<p>Vous pouvez vous d\u00e9sabonner de toute communication provenant de notre organisation \u00e0 n\u2019importe quel moment ou encore, demander \u00e0 voir quel type de renseignement nous d\u00e9tenons \u00e0 votre sujet. Si c\u2019est le cas, vous pouvez nous demander de&nbsp;:<\/p>\n<ul>\n<li>Changer \/ corriger n\u2019importe quel renseignement d\u00e9tenu par notre organisation \u00e0 votre sujet.<\/li>\n<li>D\u00e9truire n\u2019importe quel renseignement que nous d\u00e9tenons \u00e0 votre sujet. &nbsp;Lorsque nous d\u00e9truirons vos renseignements, nous vous informerons par derni\u00e8re correspondance, la destruction de ceux-ci.<\/li>\n<li>R\u00e9pondre aux pr\u00e9occupations que vous pourriez avoir concernant notre utilisation de vos renseignements.<\/li>\n<\/ul>\n<p>Vous pouvez communiquer avec nous par courriel au&nbsp;: &nbsp;info (at) spharm-inc (dot) com<\/p>\n<p><strong>Ou nous \u00e9crire \u00e0 l\u2019adresse physique suivante:<\/strong><\/p>\n<p>SPharm<br>1215 5e Rue, Val-d&rsquo;Or, QC J9P 3Z6<\/p><p><strong style=\"color: rgb(28, 22, 92); font-size: 36px;\"><br>Allons-nous changer cette Politique?<\/strong><\/p>\n<p>Nous pourrions changer la pr\u00e9sente Politique occasionnellement dans l\u2019avenir. Toute modification sera explicitement pr\u00e9sent\u00e9e ici. Nous vous recommandons de v\u00e9rifier r\u00e9guli\u00e8rement pour voir si des changements ont \u00e9t\u00e9 apport\u00e9 \u00e0 la pr\u00e9sente Politique.<\/p>\t\t\t\t\t\t\t\t<\/div>\n\t\t\t\t<\/div>\n\t\t\t\t\t<\/div>\n\t\t<\/div>\n\t\t\t\t\t<\/div>\n\t\t<\/section>\n\t\t\t\t<\/div>\n\t\t","protected":false},"excerpt":{"rendered":"<p>Politique de protection Politique de protection des renseignements personnels La pr\u00e9sente Politique de protection des renseignements personnels d\u00e9crit comment SPharm utilise et partage vos renseignements personnels lorsque vous utilisez notre plateforme web \/ site web par le biais de votre ordinateur ou de votre t\u00e9l\u00e9phone intelligent et, nos pages de m\u00e9dia sociaux reli\u00e9es, tous en [&hellip;]<\/p>\n","protected":false},"author":3,"featured_media":0,"parent":0,"menu_order":0,"comment_status":"closed","ping_status":"closed","template":"","meta":{"_acf_changed":false,"footnotes":""},"class_list":["post-6705","page","type-page","status-publish","hentry"],"acf":[],"yoast_head":"<!-- This site is optimized with the Yoast SEO plugin v24.7 - https:\/\/yoast.com\/wordpress\/plugins\/seo\/ -->\n<title>Politique de protection<\/title>\n<meta name=\"description\" content=\"D\u00e9couvrez notre politique de protection des donn\u00e9es personnelles : engagement, confidentialit\u00e9 et s\u00e9curit\u00e9 de vos informations.\" \/>\n<meta name=\"robots\" content=\"index, follow, max-snippet:-1, max-image-preview:large, max-video-preview:-1\" \/>\n<link rel=\"canonical\" href=\"https:\/\/spharm-inc.com\/fr\/politique-de-protection\/\" \/>\n<meta property=\"og:locale\" content=\"fr_FR\" \/>\n<meta property=\"og:type\" content=\"article\" \/>\n<meta property=\"og:title\" content=\"Politique de protection\" \/>\n<meta property=\"og:description\" content=\"D\u00e9couvrez notre politique de protection des donn\u00e9es personnelles : engagement, confidentialit\u00e9 et s\u00e9curit\u00e9 de vos informations.\" \/>\n<meta property=\"og:url\" content=\"https:\/\/spharm-inc.com\/fr\/politique-de-protection\/\" \/>\n<meta property=\"og:site_name\" content=\"Canada&#039;s Drug &amp; Health Product Regulatory Experts\" \/>\n<meta property=\"article:modified_time\" content=\"2025-12-18T17:20:03+00:00\" \/>\n<meta property=\"og:image\" content=\"https:\/\/spharm-inc.com\/wp-content\/uploads\/molecules.png\" \/>\n\t<meta property=\"og:image:width\" content=\"503\" \/>\n\t<meta property=\"og:image:height\" content=\"205\" \/>\n\t<meta property=\"og:image:type\" content=\"image\/png\" \/>\n<meta name=\"twitter:card\" content=\"summary_large_image\" \/>\n<meta name=\"twitter:label1\" content=\"Dur\u00e9e de lecture estim\u00e9e\" \/>\n\t<meta name=\"twitter:data1\" content=\"4 minutes\" \/>\n<script type=\"application\/ld+json\" class=\"yoast-schema-graph\">{\"@context\":\"https:\/\/schema.org\",\"@graph\":[{\"@type\":\"WebPage\",\"@id\":\"https:\/\/spharm-inc.com\/fr\/politique-de-protection\/\",\"url\":\"https:\/\/spharm-inc.com\/fr\/politique-de-protection\/\",\"name\":\"Politique de protection\",\"isPartOf\":{\"@id\":\"https:\/\/spharm-inc.com\/fr\/#website\"},\"primaryImageOfPage\":{\"@id\":\"https:\/\/spharm-inc.com\/fr\/politique-de-protection\/#primaryimage\"},\"image\":{\"@id\":\"https:\/\/spharm-inc.com\/fr\/politique-de-protection\/#primaryimage\"},\"thumbnailUrl\":\"https:\/\/spharm-inc.com\/wp-content\/uploads\/molecules.png\",\"datePublished\":\"2023-06-07T19:15:46+00:00\",\"dateModified\":\"2025-12-18T17:20:03+00:00\",\"description\":\"D\u00e9couvrez notre politique de protection des donn\u00e9es personnelles : engagement, confidentialit\u00e9 et s\u00e9curit\u00e9 de vos informations.\",\"breadcrumb\":{\"@id\":\"https:\/\/spharm-inc.com\/fr\/politique-de-protection\/#breadcrumb\"},\"inLanguage\":\"fr-FR\",\"potentialAction\":[{\"@type\":\"ReadAction\",\"target\":[\"https:\/\/spharm-inc.com\/fr\/politique-de-protection\/\"]}]},{\"@type\":\"ImageObject\",\"inLanguage\":\"fr-FR\",\"@id\":\"https:\/\/spharm-inc.com\/fr\/politique-de-protection\/#primaryimage\",\"url\":\"https:\/\/spharm-inc.com\/wp-content\/uploads\/molecules.png\",\"contentUrl\":\"https:\/\/spharm-inc.com\/wp-content\/uploads\/molecules.png\"},{\"@type\":\"BreadcrumbList\",\"@id\":\"https:\/\/spharm-inc.com\/fr\/politique-de-protection\/#breadcrumb\",\"itemListElement\":[{\"@type\":\"ListItem\",\"position\":1,\"name\":\"Home\",\"item\":\"https:\/\/spharm-inc.com\/fr\/\"},{\"@type\":\"ListItem\",\"position\":2,\"name\":\"Politique de protection\"}]},{\"@type\":\"WebSite\",\"@id\":\"https:\/\/spharm-inc.com\/fr\/#website\",\"url\":\"https:\/\/spharm-inc.com\/fr\/\",\"name\":\"Canada's Drug & Health Product Regulatory Experts\",\"description\":\"\",\"potentialAction\":[{\"@type\":\"SearchAction\",\"target\":{\"@type\":\"EntryPoint\",\"urlTemplate\":\"https:\/\/spharm-inc.com\/fr\/?s={search_term_string}\"},\"query-input\":{\"@type\":\"PropertyValueSpecification\",\"valueRequired\":true,\"valueName\":\"search_term_string\"}}],\"inLanguage\":\"fr-FR\"}]}<\/script>\n<!-- \/ Yoast SEO plugin. -->","yoast_head_json":{"title":"Politique de protection","description":"D\u00e9couvrez notre politique de protection des donn\u00e9es personnelles : engagement, confidentialit\u00e9 et s\u00e9curit\u00e9 de vos informations.","robots":{"index":"index","follow":"follow","max-snippet":"max-snippet:-1","max-image-preview":"max-image-preview:large","max-video-preview":"max-video-preview:-1"},"canonical":"https:\/\/spharm-inc.com\/fr\/politique-de-protection\/","og_locale":"fr_FR","og_type":"article","og_title":"Politique de protection","og_description":"D\u00e9couvrez notre politique de protection des donn\u00e9es personnelles : engagement, confidentialit\u00e9 et s\u00e9curit\u00e9 de vos informations.","og_url":"https:\/\/spharm-inc.com\/fr\/politique-de-protection\/","og_site_name":"Canada&#039;s Drug &amp; Health Product Regulatory Experts","article_modified_time":"2025-12-18T17:20:03+00:00","og_image":[{"width":503,"height":205,"url":"https:\/\/spharm-inc.com\/wp-content\/uploads\/molecules.png","type":"image\/png"}],"twitter_card":"summary_large_image","twitter_misc":{"Dur\u00e9e de lecture estim\u00e9e":"4 minutes"},"schema":{"@context":"https:\/\/schema.org","@graph":[{"@type":"WebPage","@id":"https:\/\/spharm-inc.com\/fr\/politique-de-protection\/","url":"https:\/\/spharm-inc.com\/fr\/politique-de-protection\/","name":"Politique de protection","isPartOf":{"@id":"https:\/\/spharm-inc.com\/fr\/#website"},"primaryImageOfPage":{"@id":"https:\/\/spharm-inc.com\/fr\/politique-de-protection\/#primaryimage"},"image":{"@id":"https:\/\/spharm-inc.com\/fr\/politique-de-protection\/#primaryimage"},"thumbnailUrl":"https:\/\/spharm-inc.com\/wp-content\/uploads\/molecules.png","datePublished":"2023-06-07T19:15:46+00:00","dateModified":"2025-12-18T17:20:03+00:00","description":"D\u00e9couvrez notre politique de protection des donn\u00e9es personnelles : engagement, confidentialit\u00e9 et s\u00e9curit\u00e9 de vos informations.","breadcrumb":{"@id":"https:\/\/spharm-inc.com\/fr\/politique-de-protection\/#breadcrumb"},"inLanguage":"fr-FR","potentialAction":[{"@type":"ReadAction","target":["https:\/\/spharm-inc.com\/fr\/politique-de-protection\/"]}]},{"@type":"ImageObject","inLanguage":"fr-FR","@id":"https:\/\/spharm-inc.com\/fr\/politique-de-protection\/#primaryimage","url":"https:\/\/spharm-inc.com\/wp-content\/uploads\/molecules.png","contentUrl":"https:\/\/spharm-inc.com\/wp-content\/uploads\/molecules.png"},{"@type":"BreadcrumbList","@id":"https:\/\/spharm-inc.com\/fr\/politique-de-protection\/#breadcrumb","itemListElement":[{"@type":"ListItem","position":1,"name":"Home","item":"https:\/\/spharm-inc.com\/fr\/"},{"@type":"ListItem","position":2,"name":"Politique de protection"}]},{"@type":"WebSite","@id":"https:\/\/spharm-inc.com\/fr\/#website","url":"https:\/\/spharm-inc.com\/fr\/","name":"Canada's Drug & Health Product Regulatory Experts","description":"","potentialAction":[{"@type":"SearchAction","target":{"@type":"EntryPoint","urlTemplate":"https:\/\/spharm-inc.com\/fr\/?s={search_term_string}"},"query-input":{"@type":"PropertyValueSpecification","valueRequired":true,"valueName":"search_term_string"}}],"inLanguage":"fr-FR"}]}},"_links":{"self":[{"href":"https:\/\/spharm-inc.com\/fr\/wp-json\/wp\/v2\/pages\/6705","targetHints":{"allow":["GET"]}}],"collection":[{"href":"https:\/\/spharm-inc.com\/fr\/wp-json\/wp\/v2\/pages"}],"about":[{"href":"https:\/\/spharm-inc.com\/fr\/wp-json\/wp\/v2\/types\/page"}],"author":[{"embeddable":true,"href":"https:\/\/spharm-inc.com\/fr\/wp-json\/wp\/v2\/users\/3"}],"replies":[{"embeddable":true,"href":"https:\/\/spharm-inc.com\/fr\/wp-json\/wp\/v2\/comments?post=6705"}],"version-history":[{"count":3,"href":"https:\/\/spharm-inc.com\/fr\/wp-json\/wp\/v2\/pages\/6705\/revisions"}],"predecessor-version":[{"id":36766,"href":"https:\/\/spharm-inc.com\/fr\/wp-json\/wp\/v2\/pages\/6705\/revisions\/36766"}],"wp:attachment":[{"href":"https:\/\/spharm-inc.com\/fr\/wp-json\/wp\/v2\/media?parent=6705"}],"curies":[{"name":"wp","href":"https:\/\/api.w.org\/{rel}","templated":true}]}}