{"id":4465,"date":"2021-09-22T15:46:45","date_gmt":"2021-09-22T19:46:45","guid":{"rendered":"https:\/\/spharm-inc.com\/wp2021\/covid-19-clinical-trials-worldwide-reports\/"},"modified":"2023-11-07T15:10:18","modified_gmt":"2023-11-07T20:10:18","slug":"covid-19-clinical-trials-worldwide-reports-francais","status":"publish","type":"page","link":"https:\/\/spharm-inc.com\/fr\/covid-19-clinical-trials-worldwide-reports-francais\/","title":{"rendered":"Covid-19 Clinical Trials Worldwide Reports Fran\u00e7ais"},"content":{"rendered":"\t\t<div data-elementor-type=\"wp-page\" data-elementor-id=\"4465\" class=\"elementor elementor-4465\" data-elementor-post-type=\"page\">\n\t\t\t\t\t\t<section class=\"elementor-section elementor-top-section elementor-element elementor-element-b719425 elementor-section-height-min-height elementor-section-content-middle elementor-section-stretched elementor-section-boxed elementor-section-height-default elementor-section-items-middle\" data-id=\"b719425\" data-element_type=\"section\" data-settings=\"{&quot;jet_parallax_layout_list&quot;:[{&quot;jet_parallax_layout_image&quot;:{&quot;url&quot;:&quot;&quot;,&quot;id&quot;:&quot;&quot;,&quot;size&quot;:&quot;&quot;},&quot;_id&quot;:&quot;0b53465&quot;,&quot;jet_parallax_layout_image_tablet&quot;:{&quot;url&quot;:&quot;&quot;,&quot;id&quot;:&quot;&quot;,&quot;size&quot;:&quot;&quot;},&quot;jet_parallax_layout_image_mobile&quot;:{&quot;url&quot;:&quot;&quot;,&quot;id&quot;:&quot;&quot;,&quot;size&quot;:&quot;&quot;},&quot;jet_parallax_layout_speed&quot;:{&quot;unit&quot;:&quot;%&quot;,&quot;size&quot;:50,&quot;sizes&quot;:[]},&quot;jet_parallax_layout_type&quot;:&quot;scroll&quot;,&quot;jet_parallax_layout_direction&quot;:null,&quot;jet_parallax_layout_fx_direction&quot;:null,&quot;jet_parallax_layout_z_index&quot;:&quot;&quot;,&quot;jet_parallax_layout_bg_x&quot;:50,&quot;jet_parallax_layout_bg_x_tablet&quot;:&quot;&quot;,&quot;jet_parallax_layout_bg_x_mobile&quot;:&quot;&quot;,&quot;jet_parallax_layout_bg_y&quot;:50,&quot;jet_parallax_layout_bg_y_tablet&quot;:&quot;&quot;,&quot;jet_parallax_layout_bg_y_mobile&quot;:&quot;&quot;,&quot;jet_parallax_layout_bg_size&quot;:&quot;auto&quot;,&quot;jet_parallax_layout_bg_size_tablet&quot;:&quot;&quot;,&quot;jet_parallax_layout_bg_size_mobile&quot;:&quot;&quot;,&quot;jet_parallax_layout_animation_prop&quot;:&quot;transform&quot;,&quot;jet_parallax_layout_on&quot;:[&quot;desktop&quot;,&quot;tablet&quot;]}],&quot;background_background&quot;:&quot;classic&quot;,&quot;stretch_section&quot;:&quot;section-stretched&quot;}\">\n\t\t\t\t\t\t<div class=\"elementor-container elementor-column-gap-no\">\n\t\t\t\t\t<div class=\"elementor-column elementor-col-100 elementor-top-column elementor-element elementor-element-7eb67b8\" data-id=\"7eb67b8\" data-element_type=\"column\">\n\t\t\t<div class=\"elementor-widget-wrap elementor-element-populated\">\n\t\t\t\t\t\t<div class=\"elementor-element elementor-element-1a82e9a elementor-widget elementor-widget-text-editor\" data-id=\"1a82e9a\" data-element_type=\"widget\" data-widget_type=\"text-editor.default\">\n\t\t\t\t<div class=\"elementor-widget-container\">\n\t\t\t\t\t\t\t\t\tCovid-19 Clinical Trials Worldwide Reports Fran\u00e7ais\t\t\t\t\t\t\t\t<\/div>\n\t\t\t\t<\/div>\n\t\t\t\t<div class=\"elementor-element elementor-element-3648271 elementor-align-flex-start elementor-hidden-desktop elementor-hidden-tablet elementor-hidden-phone elementor-widget elementor-widget-raven-breadcrumbs\" data-id=\"3648271\" data-element_type=\"widget\" data-widget_type=\"raven-breadcrumbs.default\">\n\t\t\t\t<div class=\"elementor-widget-container\">\n\t\t\t\t\t<div class=\"raven-breadcrumbs raven-breadcrumbs-default\"><div class=\"breadcrumb\">\t\t\t\t<div class=\"breadcrumb-item active\" aria-current=\"page\"><span>Home<\/span><\/div>\r\n\r\n\t\t\t\t<\/div><\/div>\t\t\t\t<\/div>\n\t\t\t\t<\/div>\n\t\t\t\t\t<\/div>\n\t\t<\/div>\n\t\t\t\t\t<\/div>\n\t\t<\/section>\n\t\t\t\t<section class=\"elementor-section elementor-top-section elementor-element elementor-element-2c09f63 elementor-section-boxed elementor-section-height-default elementor-section-height-default\" data-id=\"2c09f63\" data-element_type=\"section\" data-settings=\"{&quot;jet_parallax_layout_list&quot;:[{&quot;jet_parallax_layout_image&quot;:{&quot;url&quot;:&quot;&quot;,&quot;id&quot;:&quot;&quot;,&quot;size&quot;:&quot;&quot;},&quot;_id&quot;:&quot;3f6351c&quot;,&quot;jet_parallax_layout_speed&quot;:{&quot;unit&quot;:&quot;%&quot;,&quot;size&quot;:&quot;50&quot;,&quot;sizes&quot;:[]},&quot;jet_parallax_layout_bg_x&quot;:&quot;50&quot;,&quot;jet_parallax_layout_bg_y&quot;:&quot;50&quot;,&quot;jet_parallax_layout_image_tablet&quot;:{&quot;url&quot;:&quot;&quot;,&quot;id&quot;:&quot;&quot;,&quot;size&quot;:&quot;&quot;},&quot;jet_parallax_layout_image_mobile&quot;:{&quot;url&quot;:&quot;&quot;,&quot;id&quot;:&quot;&quot;,&quot;size&quot;:&quot;&quot;},&quot;jet_parallax_layout_type&quot;:&quot;scroll&quot;,&quot;jet_parallax_layout_direction&quot;:null,&quot;jet_parallax_layout_fx_direction&quot;:null,&quot;jet_parallax_layout_z_index&quot;:&quot;&quot;,&quot;jet_parallax_layout_bg_x_tablet&quot;:&quot;&quot;,&quot;jet_parallax_layout_bg_x_mobile&quot;:&quot;&quot;,&quot;jet_parallax_layout_bg_y_tablet&quot;:&quot;&quot;,&quot;jet_parallax_layout_bg_y_mobile&quot;:&quot;&quot;,&quot;jet_parallax_layout_bg_size&quot;:&quot;auto&quot;,&quot;jet_parallax_layout_bg_size_tablet&quot;:&quot;&quot;,&quot;jet_parallax_layout_bg_size_mobile&quot;:&quot;&quot;,&quot;jet_parallax_layout_animation_prop&quot;:&quot;transform&quot;,&quot;jet_parallax_layout_on&quot;:[&quot;desktop&quot;,&quot;tablet&quot;]}]}\">\n\t\t\t\t\t\t<div class=\"elementor-container elementor-column-gap-no\">\n\t\t\t\t\t<div class=\"elementor-column elementor-col-100 elementor-top-column elementor-element elementor-element-f96427b\" data-id=\"f96427b\" data-element_type=\"column\">\n\t\t\t<div class=\"elementor-widget-wrap elementor-element-populated\">\n\t\t\t\t\t\t\t<\/div>\n\t\t<\/div>\n\t\t\t\t\t<\/div>\n\t\t<\/section>\n\t\t\t\t<\/div>\n\t\t","protected":false},"excerpt":{"rendered":"<p>Home 2021 Covid-19 Vaccines Update 2021 Covid-19 Vaccines Update In December we published a report on up and coming\u00a0Covid-19 Vaccines\u00a0from around the world. This month we are publishing an update &gt; Read More Covid-19 Vaccines Summary Covid-19 Vaccines Summary Over the course of the year, we have published reports on active Covid-19 clinical trials in [&hellip;]<\/p>\n","protected":false},"author":3,"featured_media":0,"parent":0,"menu_order":0,"comment_status":"closed","ping_status":"closed","template":"elementor_header_footer","meta":{"_acf_changed":false,"footnotes":""},"class_list":["post-4465","page","type-page","status-publish","hentry"],"acf":[],"yoast_head":"<!-- This site is optimized with the Yoast SEO plugin v24.7 - https:\/\/yoast.com\/wordpress\/plugins\/seo\/ -->\n<title>Data Analysis - Jupiter X Templates<\/title>\n<meta name=\"description\" content=\"Consultez les rapports mondiaux en fran\u00e7ais sur les essais cliniques li\u00e9s \u00e0 la Covid-19 : tendances, donn\u00e9es cl\u00e9s et avanc\u00e9es r\u00e9centes.\" \/>\n<meta name=\"robots\" content=\"index, follow, max-snippet:-1, max-image-preview:large, max-video-preview:-1\" \/>\n<link rel=\"canonical\" href=\"https:\/\/spharm-inc.com\/fr\/covid-19-clinical-trials-worldwide-reports-francais\/\" \/>\n<meta property=\"og:locale\" content=\"fr_FR\" \/>\n<meta property=\"og:type\" content=\"article\" \/>\n<meta property=\"og:title\" content=\"Data Analysis - Jupiter X Templates\" \/>\n<meta property=\"og:description\" content=\"Consultez les rapports mondiaux en fran\u00e7ais sur les essais cliniques li\u00e9s \u00e0 la Covid-19 : tendances, donn\u00e9es cl\u00e9s et avanc\u00e9es r\u00e9centes.\" \/>\n<meta property=\"og:url\" content=\"https:\/\/spharm-inc.com\/fr\/covid-19-clinical-trials-worldwide-reports-francais\/\" \/>\n<meta property=\"og:site_name\" content=\"Canada&#039;s Drug &amp; Health Product Regulatory Experts\" \/>\n<meta property=\"article:modified_time\" content=\"2023-11-07T20:10:18+00:00\" \/>\n<meta property=\"og:image\" content=\"https:\/\/spharm-inc.com\/wp-content\/uploads\/2021\/02\/2021-covid-19-vaccines-banner.png\" \/>\n<meta name=\"twitter:card\" content=\"summary_large_image\" \/>\n<meta name=\"twitter:label1\" content=\"Dur\u00e9e de lecture estim\u00e9e\" \/>\n\t<meta name=\"twitter:data1\" content=\"2 minutes\" \/>\n<script type=\"application\/ld+json\" class=\"yoast-schema-graph\">{\"@context\":\"https:\/\/schema.org\",\"@graph\":[{\"@type\":\"WebPage\",\"@id\":\"https:\/\/spharm-inc.com\/fr\/covid-19-clinical-trials-worldwide-reports-francais\/\",\"url\":\"https:\/\/spharm-inc.com\/fr\/covid-19-clinical-trials-worldwide-reports-francais\/\",\"name\":\"Data Analysis - Jupiter X Templates\",\"isPartOf\":{\"@id\":\"https:\/\/spharm-inc.com\/fr\/#website\"},\"primaryImageOfPage\":{\"@id\":\"https:\/\/spharm-inc.com\/fr\/covid-19-clinical-trials-worldwide-reports-francais\/#primaryimage\"},\"image\":{\"@id\":\"https:\/\/spharm-inc.com\/fr\/covid-19-clinical-trials-worldwide-reports-francais\/#primaryimage\"},\"thumbnailUrl\":\"https:\/\/spharm-inc.com\/wp-content\/uploads\/2021\/02\/2021-covid-19-vaccines-banner.png\",\"datePublished\":\"2021-09-22T19:46:45+00:00\",\"dateModified\":\"2023-11-07T20:10:18+00:00\",\"description\":\"Consultez les rapports mondiaux en fran\u00e7ais sur les essais cliniques li\u00e9s \u00e0 la Covid-19 : tendances, donn\u00e9es cl\u00e9s et avanc\u00e9es r\u00e9centes.\",\"breadcrumb\":{\"@id\":\"https:\/\/spharm-inc.com\/fr\/covid-19-clinical-trials-worldwide-reports-francais\/#breadcrumb\"},\"inLanguage\":\"fr-FR\",\"potentialAction\":[{\"@type\":\"ReadAction\",\"target\":[\"https:\/\/spharm-inc.com\/fr\/covid-19-clinical-trials-worldwide-reports-francais\/\"]}]},{\"@type\":\"ImageObject\",\"inLanguage\":\"fr-FR\",\"@id\":\"https:\/\/spharm-inc.com\/fr\/covid-19-clinical-trials-worldwide-reports-francais\/#primaryimage\",\"url\":\"https:\/\/spharm-inc.com\/wp-content\/uploads\/2021\/02\/2021-covid-19-vaccines-banner.png\",\"contentUrl\":\"https:\/\/spharm-inc.com\/wp-content\/uploads\/2021\/02\/2021-covid-19-vaccines-banner.png\"},{\"@type\":\"BreadcrumbList\",\"@id\":\"https:\/\/spharm-inc.com\/fr\/covid-19-clinical-trials-worldwide-reports-francais\/#breadcrumb\",\"itemListElement\":[{\"@type\":\"ListItem\",\"position\":1,\"name\":\"Home\",\"item\":\"https:\/\/spharm-inc.com\/fr\/\"},{\"@type\":\"ListItem\",\"position\":2,\"name\":\"Covid-19 Clinical Trials Worldwide Reports Fran\u00e7ais\"}]},{\"@type\":\"WebSite\",\"@id\":\"https:\/\/spharm-inc.com\/fr\/#website\",\"url\":\"https:\/\/spharm-inc.com\/fr\/\",\"name\":\"Canada's Drug & Health Product Regulatory Experts\",\"description\":\"\",\"potentialAction\":[{\"@type\":\"SearchAction\",\"target\":{\"@type\":\"EntryPoint\",\"urlTemplate\":\"https:\/\/spharm-inc.com\/fr\/?s={search_term_string}\"},\"query-input\":{\"@type\":\"PropertyValueSpecification\",\"valueRequired\":true,\"valueName\":\"search_term_string\"}}],\"inLanguage\":\"fr-FR\"}]}<\/script>\n<!-- \/ Yoast SEO plugin. -->","yoast_head_json":{"title":"Data Analysis - Jupiter X Templates","description":"Consultez les rapports mondiaux en fran\u00e7ais sur les essais cliniques li\u00e9s \u00e0 la Covid-19 : tendances, donn\u00e9es cl\u00e9s et avanc\u00e9es r\u00e9centes.","robots":{"index":"index","follow":"follow","max-snippet":"max-snippet:-1","max-image-preview":"max-image-preview:large","max-video-preview":"max-video-preview:-1"},"canonical":"https:\/\/spharm-inc.com\/fr\/covid-19-clinical-trials-worldwide-reports-francais\/","og_locale":"fr_FR","og_type":"article","og_title":"Data Analysis - Jupiter X Templates","og_description":"Consultez les rapports mondiaux en fran\u00e7ais sur les essais cliniques li\u00e9s \u00e0 la Covid-19 : tendances, donn\u00e9es cl\u00e9s et avanc\u00e9es r\u00e9centes.","og_url":"https:\/\/spharm-inc.com\/fr\/covid-19-clinical-trials-worldwide-reports-francais\/","og_site_name":"Canada&#039;s Drug &amp; Health Product Regulatory Experts","article_modified_time":"2023-11-07T20:10:18+00:00","og_image":[{"url":"https:\/\/spharm-inc.com\/wp-content\/uploads\/2021\/02\/2021-covid-19-vaccines-banner.png","type":"","width":"","height":""}],"twitter_card":"summary_large_image","twitter_misc":{"Dur\u00e9e de lecture estim\u00e9e":"2 minutes"},"schema":{"@context":"https:\/\/schema.org","@graph":[{"@type":"WebPage","@id":"https:\/\/spharm-inc.com\/fr\/covid-19-clinical-trials-worldwide-reports-francais\/","url":"https:\/\/spharm-inc.com\/fr\/covid-19-clinical-trials-worldwide-reports-francais\/","name":"Data Analysis - Jupiter X Templates","isPartOf":{"@id":"https:\/\/spharm-inc.com\/fr\/#website"},"primaryImageOfPage":{"@id":"https:\/\/spharm-inc.com\/fr\/covid-19-clinical-trials-worldwide-reports-francais\/#primaryimage"},"image":{"@id":"https:\/\/spharm-inc.com\/fr\/covid-19-clinical-trials-worldwide-reports-francais\/#primaryimage"},"thumbnailUrl":"https:\/\/spharm-inc.com\/wp-content\/uploads\/2021\/02\/2021-covid-19-vaccines-banner.png","datePublished":"2021-09-22T19:46:45+00:00","dateModified":"2023-11-07T20:10:18+00:00","description":"Consultez les rapports mondiaux en fran\u00e7ais sur les essais cliniques li\u00e9s \u00e0 la Covid-19 : tendances, donn\u00e9es cl\u00e9s et avanc\u00e9es r\u00e9centes.","breadcrumb":{"@id":"https:\/\/spharm-inc.com\/fr\/covid-19-clinical-trials-worldwide-reports-francais\/#breadcrumb"},"inLanguage":"fr-FR","potentialAction":[{"@type":"ReadAction","target":["https:\/\/spharm-inc.com\/fr\/covid-19-clinical-trials-worldwide-reports-francais\/"]}]},{"@type":"ImageObject","inLanguage":"fr-FR","@id":"https:\/\/spharm-inc.com\/fr\/covid-19-clinical-trials-worldwide-reports-francais\/#primaryimage","url":"https:\/\/spharm-inc.com\/wp-content\/uploads\/2021\/02\/2021-covid-19-vaccines-banner.png","contentUrl":"https:\/\/spharm-inc.com\/wp-content\/uploads\/2021\/02\/2021-covid-19-vaccines-banner.png"},{"@type":"BreadcrumbList","@id":"https:\/\/spharm-inc.com\/fr\/covid-19-clinical-trials-worldwide-reports-francais\/#breadcrumb","itemListElement":[{"@type":"ListItem","position":1,"name":"Home","item":"https:\/\/spharm-inc.com\/fr\/"},{"@type":"ListItem","position":2,"name":"Covid-19 Clinical Trials Worldwide Reports Fran\u00e7ais"}]},{"@type":"WebSite","@id":"https:\/\/spharm-inc.com\/fr\/#website","url":"https:\/\/spharm-inc.com\/fr\/","name":"Canada's Drug & Health Product Regulatory Experts","description":"","potentialAction":[{"@type":"SearchAction","target":{"@type":"EntryPoint","urlTemplate":"https:\/\/spharm-inc.com\/fr\/?s={search_term_string}"},"query-input":{"@type":"PropertyValueSpecification","valueRequired":true,"valueName":"search_term_string"}}],"inLanguage":"fr-FR"}]}},"_links":{"self":[{"href":"https:\/\/spharm-inc.com\/fr\/wp-json\/wp\/v2\/pages\/4465","targetHints":{"allow":["GET"]}}],"collection":[{"href":"https:\/\/spharm-inc.com\/fr\/wp-json\/wp\/v2\/pages"}],"about":[{"href":"https:\/\/spharm-inc.com\/fr\/wp-json\/wp\/v2\/types\/page"}],"author":[{"embeddable":true,"href":"https:\/\/spharm-inc.com\/fr\/wp-json\/wp\/v2\/users\/3"}],"replies":[{"embeddable":true,"href":"https:\/\/spharm-inc.com\/fr\/wp-json\/wp\/v2\/comments?post=4465"}],"version-history":[{"count":0,"href":"https:\/\/spharm-inc.com\/fr\/wp-json\/wp\/v2\/pages\/4465\/revisions"}],"wp:attachment":[{"href":"https:\/\/spharm-inc.com\/fr\/wp-json\/wp\/v2\/media?parent=4465"}],"curies":[{"name":"wp","href":"https:\/\/api.w.org\/{rel}","templated":true}]}}